{"id":2,"date":"2020-12-08T17:18:41","date_gmt":"2020-12-08T16:18:41","guid":{"rendered":"https:\/\/www.ra-horn.de\/?page_id=2"},"modified":"2022-06-21T15:56:36","modified_gmt":"2022-06-21T13:56:36","slug":"kanzlei-stefan-horn","status":"publish","type":"page","link":"https:\/\/www.ra-horn.de\/ru\/","title":{"rendered":""},"content":{"rendered":"\n<div class=\"wp-block-columns is-layout-flex wp-container-core-columns-layout-1 wp-block-columns-is-layout-flex\">\n<div class=\"wp-block-column content-img is-layout-flow wp-block-column-is-layout-flow\" style=\"flex-basis:40%\">\n<figure class=\"wp-block-image size-large\"><img loading=\"lazy\" decoding=\"async\" width=\"600\" height=\"796\" src=\"https:\/\/www.ra-horn.de\/wp-content\/uploads\/2022\/01\/RAHorn-klein.jpg\" alt=\"\" class=\"wp-image-75\" srcset=\"https:\/\/www.ra-horn.de\/wp-content\/uploads\/2022\/01\/RAHorn-klein.jpg 600w, https:\/\/www.ra-horn.de\/wp-content\/uploads\/2022\/01\/RAHorn-klein-226x300.jpg 226w\" sizes=\"(max-width: 600px) 100vw, 600px\" \/><\/figure>\n<\/div>\n\n\n\n<div class=\"wp-block-column is-layout-flow wp-block-column-is-layout-flow\" style=\"flex-basis:66.66%\">\n<h2 class=\"wp-block-heading\" id=\"kanzlei\"><strong>\u0410\u0434\u0432\u043e\u043a\u0430\u0442 \u0428\u0442\u0435\u0444\u0430\u043d \u0425\u043e\u0440\u043d<\/strong><\/h2>\n\n\n\n<p>\u042f \u0440\u0430\u0434, \u0447\u0442\u043e \u0432\u044b \u0437\u0430\u0448\u043b\u0438 \u043d\u0430 \u043c\u043e\u044e \u0441\u0442\u0440\u0430\u043d\u0438\u0446\u0443, \u0438 \u0441 \u0443\u0434\u043e\u0432\u043e\u043b\u044c\u0441\u0442\u0432\u0438\u0435\u043c \u0433\u043e\u0442\u043e\u0432 \u043e\u043a\u0430\u0437\u0430\u0442\u044c \u0432\u0430\u043c \u043d\u0435\u043e\u0431\u0445\u043e\u0434\u0438\u043c\u0443\u044e \u044e\u0440\u0438\u0434\u0438\u0447\u0435\u0441\u043a\u0443\u044e \u043f\u043e\u043c\u043e\u0449\u044c, \u043f\u0440\u043e\u043a\u043e\u043d\u0441\u0443\u043b\u044c\u0442\u0438\u0440\u043e\u0432\u0430\u0442\u044c \u043f\u043e \u0432\u0441\u0435\u043c \u043f\u0440\u0430\u0432\u043e\u0432\u044b\u043c \u0432\u043e\u043f\u0440\u043e\u0441\u0430\u043c, \u0430 \u0442\u0430\u043a\u0436\u0435 \u043f\u0440\u0435\u0434\u0441\u0442\u0430\u0432\u043b\u044f\u0442\u044c \u0412\u0430\u0448\u0438 \u0438\u043d\u0442\u0435\u0440\u0435\u0441\u044b \u0432 \u0441\u0443\u0434\u0435\u0431\u043d\u044b\u0445 \u0434\u0435\u043b\u0430\u0445. \u041f\u043e\u044d\u0442\u043e\u043c\u0443 \u043d\u0435 \u043c\u0435\u0434\u043b\u0438\u0442\u0435, \u0441\u0432\u044f\u0436\u0438\u0442\u0435\u0441\u044c \u0441\u043e \u043c\u043d\u043e\u0439 \u0438 \u043e\u0431\u044c\u044f\u0441\u043d\u0438\u0442\u0435 \u0441\u0443\u0442\u044c \u0412\u0430\u0448\u0435\u0439 \u043f\u0440\u043e\u0431\u043b\u0435\u043c\u044b.<\/p>\n\n\n\n<p>\u041a\u043e\u043d\u0441\u0443\u043b\u044c\u0442\u0430\u0446\u0438\u0438 \u0432 \u043c\u043e\u0435\u0439 \u043a\u043e\u043d\u0442\u043e\u0440\u0435 \u0432\u044b \u043f\u043e\u0436\u0435\u0442\u0435 \u043f\u043e\u043b\u0443\u0447\u0438\u0442\u044c \u0438 \u043d\u0430 \u0440\u0443\u0441\u0441\u043a\u043e\u043c \u044f\u0437\u044b\u043a\u0435. \u041c\u043e\u044f \u0440\u0443\u0441\u0441\u043a\u043e\u0433\u043e\u0432\u043e\u0440\u044f\u0449\u0430\u044f \u0441\u043e\u0442\u0440\u0443\u0434\u043d\u0438\u0446\u0430 \u0422\u0430\u0442\u044c\u044f\u043d\u0430 \u042e\u043d\u0434\u0442 \u043e\u0442\u0432\u0435\u0442\u0438\u0442 \u043d\u0430 \u0412\u0430\u0448\u0438 \u0432\u043e\u043f\u0440\u043e\u0441\u044b \u043f\u043e \u0442\u0435\u043b\u0435\u0444\u043e\u043d\u0443 \u0438\u043b\u0438 \u0437\u0430\u043f\u0438\u0448\u0435\u0442 \u043d\u0430 \u043f\u0440\u0438\u0435\u043c, \u0430 \u0442\u0430\u043a\u0436\u0435 \u043e\u043a\u0430\u0436\u0435\u0442 \u043f\u043e\u043c\u043e\u0449\u044c \u0432 \u043a\u0430\u0447\u0435\u0441\u0442\u0432\u0435 \u043f\u0435\u0440\u0435\u0432\u043e\u0434\u0447\u0438\u043a\u0430 \u043f\u0440\u0438 \u0432\u0441\u0442\u0440\u0435\u0447\u0435 \u0441\u043e \u043c\u043d\u043e\u0439.<\/p>\n<\/div>\n<\/div>\n\n\n\n<h2 class=\"wp-block-heading\" id=\"rechtsgebiete\"><strong>\u041e\u0442\u0440\u0430\u0441\u043b\u0438 \u043f\u0440\u0430\u0432\u0430<\/strong><\/h2>\n\n\n\n<p><strong><strong>\u0422\u0440\u0443\u0434\u043e\u0432\u043e\u0435 \u043f\u0440\u0430\u0432\u043e<\/strong><\/strong><\/p>\n\n\n\n<p class=\"blocksatz\">\u041f\u043e\u043c\u043e\u0449\u044c \u043f\u043e \u0432\u0441\u0435\u043c \u0432\u043e\u043f\u0440\u043e\u0441\u0430\u043c \u0442\u0440\u0443\u0434\u043e\u0432\u043e\u0433\u043e \u043f\u0440\u0430\u0432\u0430, \u043a\u0430\u043a \u0434\u043b\u044f \u0440\u0430\u0431\u043e\u0442\u043d\u0438\u043a\u043e\u0432, \u0442\u0430\u043a \u0438 \u0434\u043b\u044f \u0440\u0430\u0431\u043e\u0442\u043e\u0434\u0430\u0442\u0435\u043b\u0435\u0439<\/p>\n\n\n\n<p><strong><strong>\u0413\u0440\u0430\u0436\u0434\u0430\u043d\u0441\u043a\u043e\u0435 \u043f\u0440\u0430\u0432\u043e \u0438 \u0434\u043e\u0433\u043e\u0432\u043e\u0440\u043d\u044b\u0435 \u043e\u0431\u044f\u0437\u0430\u0442\u0435\u043b\u044c\u0441\u0442\u0432\u0430<\/strong><\/strong><\/p>\n\n\n\n<p class=\"blocksatz\">\u042e\u0440\u0438\u0434\u0438\u0447\u0435\u0441\u043a\u0430\u044f \u043f\u043e\u043c\u043e\u0449\u044c \u043f\u043e \u0432\u043e\u043f\u0440\u043e\u0441\u0430\u043c \u0438 \u0441\u043f\u043e\u0440\u0430\u043c \u0432 \u043e\u0431\u043b\u0430\u0441\u0442\u0438 \u0433\u0440\u0430\u0436\u0434\u0430\u043d\u0441\u043a\u043e\u0433\u043e \u043f\u0440\u0430\u0432\u0430, \u0430 \u0447\u0430\u0441\u0442\u043d\u043e\u0441\u0442\u0438 \u0436\u0438\u043b\u0438\u0449\u043d\u043e\u0433\u043e \u043f\u0440\u0430\u0432\u0430<\/p>\n\n\n\n<p><strong><strong>\u0421\u0435\u043c\u0435\u0439\u043d\u043e\u0435 \u043f\u0440\u0430\u0432\u043e \u0438 \u0440\u0430\u0441\u0442\u043e\u0440\u0436\u0435\u043d\u0438\u0435 \u0431\u0440\u0430\u043a\u0430<\/strong><\/strong><\/p>\n\n\n\n<p class=\"blocksatz\">\u043f\u0440\u0430\u0432\u043e\u0432\u044b\u0435 \u0432\u043e\u043f\u0440\u043e\u0441\u044b \u0432 \u043e\u0431\u043b\u0430\u0441\u0442\u0438 \u0441\u0435\u043c\u0435\u0439\u043d\u043e\u0433\u043e \u043f\u0440\u0430\u0432\u0430, \u043d\u0430\u043f\u0440. \u0440\u0430\u0441\u0442\u043e\u0440\u0436\u0435\u043d\u0438\u0435 \u0431\u0440\u0430\u043a\u0430, \u0442\u0440\u0435\u0431\u043e\u0432\u0430\u043d\u0438\u0435 \u0430\u043b\u0438\u043c\u0435\u043d\u0442\u043e\u0432 \u0438\u043b\u0438 \u0440\u0430\u0437\u0434\u0435\u043b \u0438\u043c\u0443\u0449\u0435\u0441\u0442\u0432\u0430<\/p>\n\n\n\n<p><strong><strong>\u0410\u0434\u043c\u0438\u043d\u0438\u0441\u0442\u0440\u0430\u0442\u0438\u0432\u043d\u044b\u0435 \u043f\u0440\u0430\u0432\u043e\u043d\u0430\u0440\u0443\u0448\u0435\u043d\u0438\u044f<\/strong><\/strong><\/p>\n\n\n\n<p class=\"blocksatz\">\u044e\u0440\u0438\u0434\u0438\u0447\u0435\u0441\u043a\u0430\u044f \u043f\u043e\u043c\u043e\u0449\u044c \u043d\u0430 \u043b\u044e\u0431\u043e\u043c \u044d\u0442\u0430\u043f\u0435, \u043e\u0442 \u043a\u043e\u043d\u0441\u0443\u043b\u044c\u0442\u0430\u0446\u0438\u0438 \u043f\u0440\u0438 \u043f\u043e\u043b\u0443\u0447\u0435\u043d\u0438\u0438 \u043f\u0438\u0441\u044c\u043c\u0430 \u0438\u0437 \u0432\u0435\u0434\u043e\u043c\u0441\u0442\u0432\u0430 \u0438 \u0434\u043e \u043f\u0440\u0435\u0434\u0441\u0442\u0430\u0432\u0438\u0442\u0435\u043b\u044c\u0441\u0442\u0432\u0430 \u0432 \u0441\u0443\u0434\u0435<\/p>\n\n\n\n<h2 class=\"wp-block-heading\" id=\"kontakt\">\u041a\u043e\u043d\u0442\u0430\u043a\u0442<\/h2>\n\n\n\n<iframe src=\"https:\/\/www.google.com\/maps\/embed?pb=!1m18!1m12!1m3!1d2507.6585065061613!2d13.765841215753552!3d51.05939307956399!2m3!1f0!2f0!3f0!3m2!1i1024!2i768!4f13.1!3m3!1m2!1s0x0%3A0x67ca5021ee3f3824!2sRechtsanwalt%20Stefan%20Horn!5e0!3m2!1sde!2sde!4v1643147342477!5m2!1sde!2sde\" style=\"border:0;\" allowfullscreen=\"\" loading=\"lazy\" id=\"map\" width=\"600\" height=\"450\"><\/iframe>\n\n\n\n<p>Rechtsanwalt Stefan Horn<br>Thomas-M\u00fcntzer-Platz 9<br>01307 Dresden<\/p>\n\n\n\n<p>\u0422\u0435\u043b\u0435\u0444\u043e\u043d: 0351\/811810<br>E-Mail: info@ra-horn.de<\/p>\n\n\n\n<p>\u041f\u043e\u043d\u0435\u0434\u0435\u043b\u044c\u043d\u0438\u043a &#8212; \u0447\u0435\u0442\u0432\u0435\u0440\u0433 9:00 \u0443\u0442\u0440\u0430 \u0434\u043e 5:00 \u0432\u0435\u0447\u0435\u0440\u0430<br>\u041f\u044f\u0442\u043d\u0438\u0446\u0430 &#8212; \u0432\u043e\u0441\u043a\u0440\u0435\u0441\u0435\u043d\u044c\u0435: \u043f\u043e \u0434\u043e\u0433\u043e\u0432\u043e\u0440\u0435\u043d\u043d\u043e\u0441\u0442\u0438<\/p>\n\n\n\n<details id=\"impressum\">\n<summary>Impressum<\/summary>\n\n\n\n<p><\/p>\n\n\n\n<p><strong>Diensteanbieter<\/strong><br>Rechtsanwaltskanzlei Horn<br>Rechtsanwalt Stefan Horn<br>Thomas-M\u00fcntzer-Platz 9<br>01307 Dresden<\/p>\n\n\n\n<p><strong>Kontaktm\u00f6glichkeit<\/strong><br>E-Mail-Adresse: info@ra-horn.de<br>Telefon:&nbsp;0351\/811810<\/p>\n\n\n\n<p>Inhaltlich verantwortlich: Stefan Horn<\/p>\n\n\n\n<p>Zust\u00e4ndige Aufsichtsbeh\u00f6rde und Kammer: Rechtsanwaltskammer Sachsen, Glacisstra\u00dfe 6, 01099 Dresden<\/p>\n\n\n\n<p>Die gesetzliche Berufsbezeichnung lautet Rechtsanwalt. Die Berufsbezeichnung wurde in der Bundesrepublik Deutschland verliehen.<\/p>\n\n\n\n<p>Die Rechtsanw\u00e4lte unterliegen den folgenden berufsrechtlichen Regelungen: Der Bundesrechtsanwaltsordnung (BRAO), der Berufsordnung f\u00fcr Rechtsanw\u00e4lte (BORA), der Fachanwaltsordnung (FAO), dem Gesetz \u00fcber die Verg\u00fctung der Rechtsanw\u00e4ltinnen und Rechtsanw\u00e4lte (Rechtsanwaltsverg\u00fctungsgesetz \u2013 RVG), den Berufsregeln der Rechtsanw\u00e4lte der Europ\u00e4ischen Union (CCBE) sowie dem Gesetz \u00fcber die T\u00e4tigkeit europ\u00e4ischer Rechtsanw\u00e4lte in Deutschland vom 9. M\u00e4rz 2000 (EuRAG). Diese und weitere berufsrechtlichen Regelungen finden Sie auf der Internetseite der Bundesrechtsanwaltskammer (http:\/\/www.brak.de\/) unter \u201eBerufsrecht\u201c.<\/p>\n\n\n\n<p>Rechtsanw\u00e4lte sind aufgrund der Bundesrechtsanwaltsordnung verpflichtet, eine Berufshaftpflichtversicherung mit einer Mindestversicherungssumme von 250.000 EUR zu unterhalten. Die Einzelheiten ergeben sich aus \u00a7 51 BRAO. Rechtsanwalt Horn hat eine Berufshaftpflichtversicherung bei der LVM Versicherung, 48126 M\u00fcnster mit dem auf das EU-Gebiet beschr\u00e4nkten r\u00e4umlichen Geltungsbereich abgeschlossen.<\/p>\n\n\n\n<p>Im Fall von Streitigkeiten zwischen Rechtsanw\u00e4lten und ihren Mandanten besteht auf Antrag die M\u00f6glichkeit der au\u00dfergerichtlichen Streitschlichtung bei der Rechtsanwaltskammer Sachsen oder bei der Bundesrechtsanwaltskammer.<\/p>\n\n\n\n<p>Inhalte fremder Webseiten, auf die ich direkt oder indirekt verweise, liegen au\u00dferhalb meines Verantwortungsbereichs. F\u00fcr alle Inhalte und insbesondere f\u00fcr Sch\u00e4den, die aus der Nutzung der auf den fremden Webseiten aufrufbaren Informationen entstehen, haften allein die<br>Anbieter der fremden Webseiten.<\/p>\n\n\n\n<p>Die Inhalte dieses Onlineangebotes wurden sorgf\u00e4ltig und nach aktuellem Kenntnisstand erstellt. Sie dienen nur der Information und entfalten keine rechtlich bindende Wirkung, sofern es sich nicht um gesetzlich verpflichtende Informationen (z.B. das Impressum, die Datenschutzerkl\u00e4rung, AGB oder verpflichtende Belehrungen von Verbrauchern) handelt. Alle Angebote sind freibleibend und unverbindlich.<\/p>\n\n\n\n<p>Alle auf dieser Webseite dargestellten Inhalte, wie Texte, Fotografien usw. sind durch die jeweiligen Urheberrechte und Markenrechte gesch\u00fctzt. Die Verwendung, Vervielf\u00e4ltigung usw. unterliegen meinen Rechten oder den Rechten der jeweiligen Urheber bzw. Rechteverwalter.<\/p>\n\n\n\n<p>Alle auf dieser Webseite angebotenen Informationen sollen Ihnen die Kontaktaufnahme erleichtern. Hierdurch kommt kein Mandatsverh\u00e4ltnis zustande; Anspr\u00fcche aus anwaltlicher Auskunft oder Beratung k\u00f6nnen aus dieser Internetpr\u00e4senz nicht hergeleitet werden. Ein Rechtsrat kann hierdurch in keiner Weise ersetzt werden.<\/p>\n\n\n<p><\/p>\n<p><!-- \/wp:html --><\/p>\n<p><!-- wp:paragraph --><\/p>\n<p><!-- \/wp:paragraph --><\/p>","protected":false},"excerpt":{"rendered":"<p>\u0410\u0434\u0432\u043e\u043a\u0430\u0442 \u0428\u0442\u0435\u0444\u0430\u043d \u0425\u043e\u0440\u043d \u042f \u0440\u0430\u0434, \u0447\u0442\u043e \u0432\u044b \u0437\u0430\u0448\u043b\u0438 \u043d\u0430 \u043c\u043e\u044e \u0441\u0442\u0440\u0430\u043d\u0438\u0446\u0443, \u0438 \u0441 \u0443\u0434\u043e\u0432\u043e\u043b\u044c\u0441\u0442\u0432\u0438\u0435\u043c \u0433\u043e\u0442\u043e\u0432 \u043e\u043a\u0430\u0437\u0430\u0442\u044c \u0432\u0430\u043c \u043d\u0435\u043e\u0431\u0445\u043e\u0434\u0438\u043c\u0443\u044e \u044e\u0440\u0438\u0434\u0438\u0447\u0435\u0441\u043a\u0443\u044e \u043f\u043e\u043c\u043e\u0449\u044c, \u043f\u0440\u043e\u043a\u043e\u043d\u0441\u0443\u043b\u044c\u0442\u0438\u0440\u043e\u0432\u0430\u0442\u044c \u043f\u043e \u0432\u0441\u0435\u043c \u043f\u0440\u0430\u0432\u043e\u0432\u044b\u043c \u0432\u043e\u043f\u0440\u043e\u0441\u0430\u043c, \u0430 \u0442\u0430\u043a\u0436\u0435 \u043f\u0440\u0435\u0434\u0441\u0442\u0430\u0432\u043b\u044f\u0442\u044c \u0412\u0430\u0448\u0438 \u0438\u043d\u0442\u0435\u0440\u0435\u0441\u044b \u0432 \u0441\u0443\u0434\u0435\u0431\u043d\u044b\u0445 \u0434\u0435\u043b\u0430\u0445. \u041f\u043e\u044d\u0442\u043e\u043c\u0443 \u043d\u0435 \u043c\u0435\u0434\u043b\u0438\u0442\u0435, \u0441\u0432\u044f\u0436\u0438\u0442\u0435\u0441\u044c \u0441\u043e \u043c\u043d\u043e\u0439 \u0438 \u043e\u0431\u044c\u044f\u0441\u043d\u0438\u0442\u0435 \u0441\u0443\u0442\u044c \u0412\u0430\u0448\u0435\u0439 \u043f\u0440\u043e\u0431\u043b\u0435\u043c\u044b. \u041a\u043e\u043d\u0441\u0443\u043b\u044c\u0442\u0430\u0446\u0438\u0438 \u0432 \u043c\u043e\u0435\u0439 \u043a\u043e\u043d\u0442\u043e\u0440\u0435 \u0432\u044b \u043f\u043e\u0436\u0435\u0442\u0435 \u043f\u043e\u043b\u0443\u0447\u0438\u0442\u044c \u0438 \u043d\u0430 \u0440\u0443\u0441\u0441\u043a\u043e\u043c \u044f\u0437\u044b\u043a\u0435. [&hellip;]<\/p>\n","protected":false},"author":1,"featured_media":0,"parent":0,"menu_order":0,"comment_status":"closed","ping_status":"closed","template":"","meta":{"footnotes":""},"translation":{"provider":"WPGlobus","version":"2.12.2","language":"ru","enabled_languages":["de","ru"],"languages":{"de":{"title":false,"content":true,"excerpt":false},"ru":{"title":false,"content":true,"excerpt":false}}},"_links":{"self":[{"href":"https:\/\/www.ra-horn.de\/ru\/wp-json\/wp\/v2\/pages\/2"}],"collection":[{"href":"https:\/\/www.ra-horn.de\/ru\/wp-json\/wp\/v2\/pages"}],"about":[{"href":"https:\/\/www.ra-horn.de\/ru\/wp-json\/wp\/v2\/types\/page"}],"author":[{"embeddable":true,"href":"https:\/\/www.ra-horn.de\/ru\/wp-json\/wp\/v2\/users\/1"}],"replies":[{"embeddable":true,"href":"https:\/\/www.ra-horn.de\/ru\/wp-json\/wp\/v2\/comments?post=2"}],"version-history":[{"count":65,"href":"https:\/\/www.ra-horn.de\/ru\/wp-json\/wp\/v2\/pages\/2\/revisions"}],"predecessor-version":[{"id":243,"href":"https:\/\/www.ra-horn.de\/ru\/wp-json\/wp\/v2\/pages\/2\/revisions\/243"}],"wp:attachment":[{"href":"https:\/\/www.ra-horn.de\/ru\/wp-json\/wp\/v2\/media?parent=2"}],"curies":[{"name":"wp","href":"https:\/\/api.w.org\/{rel}","templated":true}]}}